{"id":200,"date":"2016-06-19T23:42:46","date_gmt":"2016-06-19T21:42:46","guid":{"rendered":"http:\/\/www.marandoparrucchieri.it\/dev\/?page_id=200"},"modified":"2026-02-25T18:24:03","modified_gmt":"2026-02-25T17:24:03","slug":"menu-dei-servizi","status":"publish","type":"page","link":"https:\/\/www.marandoparrucchieri.it\/dev\/menu-dei-servizi\/","title":{"rendered":"Servizi"},"content":{"rendered":"<h4>PER GARANTIRE SERVIZI CON RISULTATI ECCELLENTI PER I TUOI CAPELLI,\u00a0SCEGLIAMO I MIGLIORI PRODOTTI CON LE PI\u00d9\u0080 VALIDE AZIENDE TRA CUI: WELLA, CADIVEU, NIOXIN, OLAPLEX.<\/h4>\n      <div id=\"post-grid-lazy-2268\" class=\"post-grid-lazy\"><img decoding=\"async\" alt=\"\" src=\"\" \/><\/div>\n    <script>\n      jQuery('#post-grid-lazy-2268').ready(function($) {\n        $('#post-grid-lazy-2268').fadeOut();\n        $('#post-grid-2268   ').fadeIn();\n      })\n    <\/script>\n    <style type=\"text\/css\">\n      #post-grid-2268 {\n        display: none;\n      }\n\n      .post-grid-lazy {\n        text-align: center;\n      }\n    <\/style>\n    <div data-options='{&quot;id&quot;:&quot;2268&quot;,&quot;lazy_load&quot;:&quot;yes&quot;,&quot;masonry_enable&quot;:&quot;no&quot;,&quot;view_type&quot;:&quot;grid&quot;}' id=\"post-grid-2268\" class=\"post-grid grid\">\n    \n\n\n    <div class=\"grid-items\">\n      <div class=\"item item-313 skin thumbrounded even 0 \">\n        <div class=\"layer-wrapper layout-\">\n        <div class=\"layer-media\"><a href=\"https:\/\/www.marandoparrucchieri.it\/dev\/2021\/01\/15\/degrade\/\"><img decoding=\"async\" alt=\"\" src=\"https:\/\/www.marandoparrucchieri.it\/dev\/wp-content\/uploads\/2019\/04\/Marando26-683x1024.jpg\" \/><\/a><\/div>\n  <div class=\"layer-content\">\n        <div class=\"element element_0  title_link \">\r\n                    <a target=\"\"\r\n                href=\"https:\/\/www.marandoparrucchieri.it\/dev\/2021\/01\/15\/degrade\/\">Degrad\u00e8 Joelle: Metodo di Colorazione Verticale<\/a>\r\n            <\/div>\r\n    <div class=\"element element_1  excerpt \">\r\n        Desideri un colore per i tuoi capelli che duri di pi\u00f9 nel tempo? DEGRADE\u2019 Effetti di Colore pi\u00f9 o meno            <\/div>\r\n            <a class=\"element element_2  read_more \"\r\n            target=\"\"\r\n            href=\"https:\/\/www.marandoparrucchieri.it\/dev\/2021\/01\/15\/degrade\/\"><\/a>\r\n      <\/div>\n    <\/div>\n  <\/div><div class=\"item item-657 skin thumbrounded odd 1 \">\n        <div class=\"layer-wrapper layout-\">\n        <div class=\"layer-media\"><a href=\"https:\/\/www.marandoparrucchieri.it\/dev\/2020\/12\/31\/starlight\/\"><img decoding=\"async\" alt=\"riflessi che donano luce ai tuoi capelli\" src=\"https:\/\/www.marandoparrucchieri.it\/dev\/wp-content\/uploads\/2020\/01\/copertina-7-1024x683.jpg\" \/><\/a><\/div>\n  <div class=\"layer-content\">\n        <div class=\"element element_0  title_link \">\r\n                    <a target=\"\"\r\n                href=\"https:\/\/www.marandoparrucchieri.it\/dev\/2020\/12\/31\/starlight\/\">Starlight<\/a>\r\n            <\/div>\r\n    <div class=\"element element_1  excerpt \">\r\n        Dai nuova luce al tuo Degrad\u00e9. Grazie allo Starlight potrai enfatizzare le tue sfumature con piccoli e sapienti tocchi di            <\/div>\r\n            <a class=\"element element_2  read_more \"\r\n            target=\"\"\r\n            href=\"https:\/\/www.marandoparrucchieri.it\/dev\/2020\/12\/31\/starlight\/\"><\/a>\r\n      <\/div>\n    <\/div>\n  <\/div><div class=\"item item-629 skin thumbrounded even 2 \">\n        <div class=\"layer-wrapper layout-\">\n        <div class=\"layer-media\"><a href=\"https:\/\/www.marandoparrucchieri.it\/dev\/2020\/12\/30\/olaplex-treatment\/\"><img decoding=\"async\" alt=\"\" src=\"https:\/\/www.marandoparrucchieri.it\/dev\/wp-content\/uploads\/2016\/06\/olaplex-e1468786959905.jpg\" \/><\/a><\/div>\n  <div class=\"layer-content\">\n        <div class=\"element element_0  title_link \">\r\n                    <a target=\"\"\r\n                href=\"https:\/\/www.marandoparrucchieri.it\/dev\/2020\/12\/30\/olaplex-treatment\/\">Olaplex Treatment<\/a>\r\n            <\/div>\r\n    <div class=\"element element_1  excerpt \">\r\n        OLAPLEX NON E' UNA MODA, E' UNA RIVOLUZIONE OLAPLEX \u00e8 il primo e unico moltiplicatore di ponti bisolfuri, i legami            <\/div>\r\n            <a class=\"element element_2  read_more \"\r\n            target=\"\"\r\n            href=\"https:\/\/www.marandoparrucchieri.it\/dev\/2020\/12\/30\/olaplex-treatment\/\"><\/a>\r\n      <\/div>\n    <\/div>\n  <\/div><div class=\"item item-2370 skin thumbrounded odd 3 \">\n        <div class=\"layer-wrapper layout-\">\n        <div class=\"layer-media\"><a href=\"https:\/\/www.marandoparrucchieri.it\/dev\/2020\/12\/27\/idee-regalo\/\"><img decoding=\"async\" alt=\"Prodotti per capelli\" src=\"https:\/\/www.marandoparrucchieri.it\/dev\/wp-content\/uploads\/2020\/12\/Complete-prescriptive-Wella-SP-hair-care-products.jpg\" \/><\/a><\/div>\n  <div class=\"layer-content\">\n        <div class=\"element element_0  title_link \">\r\n                    <a target=\"\"\r\n                href=\"https:\/\/www.marandoparrucchieri.it\/dev\/2020\/12\/27\/idee-regalo\/\">Le Miglior Idee Regalo Per Capelli Perfetti!<\/a>\r\n            <\/div>\r\n    <div class=\"element element_1  excerpt \">\r\n        San Valentino si avvicina e... tu hai gi\u00e0 completato tutti gli acquisti? Ecco alcuni spunti per il regalo perfetto! Con            <\/div>\r\n            <a class=\"element element_2  read_more \"\r\n            target=\"\"\r\n            href=\"https:\/\/www.marandoparrucchieri.it\/dev\/2020\/12\/27\/idee-regalo\/\"><\/a>\r\n      <\/div>\n    <\/div>\n  <\/div><div class=\"item item-991 skin thumbrounded even 4 \">\n        <div class=\"layer-wrapper layout-\">\n        <div class=\"layer-media\"><a href=\"https:\/\/www.marandoparrucchieri.it\/dev\/2020\/12\/15\/trattamenti-wella-system-professional\/\"><img decoding=\"async\" alt=\"\" src=\"https:\/\/www.marandoparrucchieri.it\/dev\/wp-content\/uploads\/2017\/02\/trattamenti-System-Professional-1024x418.png\" \/><\/a><\/div>\n  <div class=\"layer-content\">\n        <div class=\"element element_0  title_link \">\r\n                    <a target=\"\"\r\n                href=\"https:\/\/www.marandoparrucchieri.it\/dev\/2020\/12\/15\/trattamenti-wella-system-professional\/\">Trattamenti System Professional<\/a>\r\n            <\/div>\r\n    <div class=\"element element_1  excerpt \">\r\n        SYSTEM PROFESSIONAL SI RINNOVA E INTRODUCE UNA NOVIT\u00c0 IMPORTANTE E SIGNIFICATIVA: IL\u00a0MAPPING INDIVIDUALE DEL CAPELLO CHIAMATO SYSTEM PROFESSIONAL ENERGY CODE.            <\/div>\r\n            <a class=\"element element_2  read_more \"\r\n            target=\"\"\r\n            href=\"https:\/\/www.marandoparrucchieri.it\/dev\/2020\/12\/15\/trattamenti-wella-system-professional\/\"><\/a>\r\n      <\/div>\n    <\/div>\n  <\/div><div class=\"item item-1406 skin thumbrounded odd 5 \">\n        <div class=\"layer-wrapper layout-\">\n        <div class=\"layer-media\"><a href=\"https:\/\/www.marandoparrucchieri.it\/dev\/2020\/11\/15\/capelli-proteggerli-dal-freddo\/\"><img decoding=\"async\" alt=\"\" src=\"https:\/\/www.marandoparrucchieri.it\/dev\/wp-content\/uploads\/2017\/11\/pexels-photo-324658-1-1024x418.jpeg\" \/><\/a><\/div>\n  <div class=\"layer-content\">\n        <div class=\"element element_0  title_link \">\r\n                    <a target=\"\"\r\n                href=\"https:\/\/www.marandoparrucchieri.it\/dev\/2020\/11\/15\/capelli-proteggerli-dal-freddo\/\">Capelli: come proteggerli dal freddo?<\/a>\r\n            <\/div>\r\n    <div class=\"element element_1  excerpt \">\r\n        Siamo abituati a pensare a come difendere i capelli dalle aggressioni della stagione estiva: sale, sole, clima umido non sono            <\/div>\r\n            <a class=\"element element_2  read_more \"\r\n            target=\"\"\r\n            href=\"https:\/\/www.marandoparrucchieri.it\/dev\/2020\/11\/15\/capelli-proteggerli-dal-freddo\/\"><\/a>\r\n      <\/div>\n    <\/div>\n  <\/div><div class=\"item item-2494 skin thumbrounded even 6 \">\n        <div class=\"layer-wrapper layout-\">\n        <div class=\"layer-media\"><a href=\"https:\/\/www.marandoparrucchieri.it\/dev\/2020\/06\/23\/solar-system-professional\/\"><img decoding=\"async\" alt=\"Prodotti solari\" src=\"https:\/\/www.marandoparrucchieri.it\/dev\/wp-content\/uploads\/2020\/06\/IMG_1099-scaled-e1592912562592-802x1024.jpg\" \/><\/a><\/div>\n  <div class=\"layer-content\">\n        <div class=\"element element_0  title_link \">\r\n                    <a target=\"\"\r\n                href=\"https:\/\/www.marandoparrucchieri.it\/dev\/2020\/06\/23\/solar-system-professional\/\">Solar System Professional<\/a>\r\n            <\/div>\r\n    <div class=\"element element_1  excerpt \">\r\n        Adoriamo il sole, l\u2019estate, l\u2019abbronzatura\u2026il dolce far niente rilassandosi sulla spiaggia o le passeggiate al tramonto in una citt\u00e0 quasi            <\/div>\r\n            <a class=\"element element_2  read_more \"\r\n            target=\"\"\r\n            href=\"https:\/\/www.marandoparrucchieri.it\/dev\/2020\/06\/23\/solar-system-professional\/\"><\/a>\r\n      <\/div>\n    <\/div>\n  <\/div><div class=\"item item-1103 skin thumbrounded odd 7 \">\n        <div class=\"layer-wrapper layout-\">\n        <div class=\"layer-media\"><a href=\"https:\/\/www.marandoparrucchieri.it\/dev\/2020\/06\/08\/degrade-joelle-la-tecnica-100-italiana-capelli-unici-personalizzabili\/\"><img decoding=\"async\" alt=\"\" src=\"https:\/\/www.marandoparrucchieri.it\/dev\/wp-content\/uploads\/2017\/05\/image-3-890x1024.jpeg\" \/><\/a><\/div>\n  <div class=\"layer-content\">\n        <div class=\"element element_0  title_link \">\r\n                    <a target=\"\"\r\n                href=\"https:\/\/www.marandoparrucchieri.it\/dev\/2020\/06\/08\/degrade-joelle-la-tecnica-100-italiana-capelli-unici-personalizzabili\/\">Degrad\u00e8 Joelle, la tecnica 100% italiana per capelli unici e personalizzabili<\/a>\r\n            <\/div>\r\n    <div class=\"element element_1  excerpt \">\r\n        Quante volte avete sognato di cambiare colore ai capelli? E poi, vi \u00e8 mancato il coraggio: la paura di ritrovarvi            <\/div>\r\n            <a class=\"element element_2  read_more \"\r\n            target=\"\"\r\n            href=\"https:\/\/www.marandoparrucchieri.it\/dev\/2020\/06\/08\/degrade-joelle-la-tecnica-100-italiana-capelli-unici-personalizzabili\/\"><\/a>\r\n      <\/div>\n    <\/div>\n  <\/div><div class=\"item item-625 skin thumbrounded even 8 \">\n        <div class=\"layer-wrapper layout-\">\n        <div class=\"layer-media\"><a href=\"https:\/\/www.marandoparrucchieri.it\/dev\/2020\/01\/17\/taglio-punte-aria\/\"><img decoding=\"async\" alt=\"\" src=\"https:\/\/www.marandoparrucchieri.it\/dev\/wp-content\/uploads\/2016\/07\/taglio_punte_aria_1.jpg\" \/><\/a><\/div>\n  <div class=\"layer-content\">\n        <div class=\"element element_0  title_link \">\r\n                    <a target=\"\"\r\n                href=\"https:\/\/www.marandoparrucchieri.it\/dev\/2020\/01\/17\/taglio-punte-aria\/\">Taglio Punte Aria<\/a>\r\n            <\/div>\r\n    <div class=\"element element_1  excerpt \">\r\n        Cos'\u00e8 il Taglio Punte Aria? \u00a0E\u2019 un sistema di taglio che consiste nel ricostruire il vuoto che di solito esiste            <\/div>\r\n            <a class=\"element element_2  read_more \"\r\n            target=\"\"\r\n            href=\"https:\/\/www.marandoparrucchieri.it\/dev\/2020\/01\/17\/taglio-punte-aria\/\"><\/a>\r\n      <\/div>\n    <\/div>\n  <\/div><div class=\"item item-1389 skin thumbrounded odd 9 \">\n        <div class=\"layer-wrapper layout-\">\n        <div class=\"layer-media\"><a href=\"https:\/\/www.marandoparrucchieri.it\/dev\/2017\/11\/06\/cinque-buoni-motivi-scegliere-marando-parrucchieri\/\"><img decoding=\"async\" alt=\"\" src=\"https:\/\/www.marandoparrucchieri.it\/dev\/wp-content\/uploads\/2017\/11\/IMG_2201-e1509985226458.jpg\" \/><\/a><\/div>\n  <div class=\"layer-content\">\n        <div class=\"element element_0  title_link \">\r\n                    <a target=\"\"\r\n                href=\"https:\/\/www.marandoparrucchieri.it\/dev\/2017\/11\/06\/cinque-buoni-motivi-scegliere-marando-parrucchieri\/\">Cinque buoni motivi per scegliere Marando Parrucchieri<\/a>\r\n            <\/div>\r\n    <div class=\"element element_1  excerpt \">\r\n        Sapete che a Milano ci sono oltre 100mila parrucchieri? Perch\u00e8, tra tutti, dovreste scegliere Marando Parrucchieri? Ecco cinque buone ragioni:            <\/div>\r\n            <a class=\"element element_2  read_more \"\r\n            target=\"\"\r\n            href=\"https:\/\/www.marandoparrucchieri.it\/dev\/2017\/11\/06\/cinque-buoni-motivi-scegliere-marando-parrucchieri\/\"><\/a>\r\n      <\/div>\n    <\/div>\n  <\/div>    <\/div>\n    <div class=\"pagination\">\n      <div class=\"paginate\">\n    <span aria-current=\"page\" class=\"page-numbers current\">1<\/span>\n<a class=\"page-numbers\" href=\"https:\/\/www.marandoparrucchieri.it\/dev\/wp-json\/wp\/v2\/pages\/200\/page\/2\/\">2<\/a>\n<a class=\"next page-numbers\" href=\"https:\/\/www.marandoparrucchieri.it\/dev\/wp-json\/wp\/v2\/pages\/200\/page\/2\/\">Next \u00bb<\/a>  <\/div>\n  <style type=\"text\/css\">\n    #post-grid-2268 .pagination .page-numbers {\n      font-size: 16px;\n      color: #fff;\n      background: #646464;\n    }\n\n    #post-grid-2268 .pagination .page-numbers:hover,\n    #post-grid-2268 .pagination .page-numbers.current {\n      background: #4b4b4b;\n    }\n  <\/style>\n  <\/div>\n      <script>\n          <\/script>\n    <style type=\"text\/css\">\n    #post-grid-2268 .element_0 {\n      display: block;font-size: 21px;line-height: normal;padding: 5px 10px;text-align: left; text-decoration: none;    }\n\n    #post-grid-2268 .element_1 {\n      display: block;font-size: 14px;padding: 5px 10px;text-align: left;    }\n\n    #post-grid-2268 .element_2 {\n      display: block;font-size: 12px;font-weight: bold;padding: 0 10px;text-align: left;text-decoration: none;    }\n\n    #post-grid-2268 .element_0:hover{}#post-grid-2268 .element_1:hover{}#post-grid-2268 .element_2:hover{}  <\/style>\n  <style type=\"text\/css\">\n    #post-grid-2268 {\n      padding: 10px;\n          }\n\n    #post-grid-2268 .item {\n      padding: 0px;\n      background: #fff;\n          }\n\n    #post-grid-2268 .item .layer-media {\n      height:auto;    }\n\n    @media only screen and (min-width: 0px) and (max-width: 767px) {\n      #post-grid-2268 .grid-items {\n        text-align: center;\n              }\n\n      #post-grid-2268 .item {\n        width: 90%;\n        margin: 10px;\n        display: inline-block;\n        vertical-align: top;\n        height:auto;      }\n    }\n\n    @media only screen and (min-width: 768px) and (max-width: 1023px) {\n      #post-grid-2268 .grid-items {\n        text-align: center;\n              }\n\n      #post-grid-2268 .item {\n        width: 280px;\n        margin: 10px;\n        display: inline-block;\n        vertical-align: top;\n        max-height:auto;      }\n    }\n\n    @media only screen and (min-width: 1024px) {\n      #post-grid-2268 .grid-items {\n        text-align: center;\n              }\n\n      #post-grid-2268 .item {\n        width: 280px;\n        display: inline-block;\n        margin: 10px;\n        vertical-align: top;\n        height:auto;      }\n    }\n\n      <\/style>\n  <\/div>\n\n","protected":false},"excerpt":{"rendered":"<p>PER GARANTIRE SERVIZI CON RISULTATI ECCELLENTI PER I TUOI CAPELLI,\u00a0SCEGLIAMO I MIGLIORI PRODOTTI CON LE PI\u00d9\u0080 VALIDE AZIENDE TRA CUI: WELLA, CADIVEU, NIOXIN, OLAPLEX.<\/p>\n","protected":false},"author":2,"featured_media":566,"parent":0,"menu_order":0,"comment_status":"closed","ping_status":"closed","template":"","meta":{"footnotes":""},"yoast_head":"<!-- This site is optimized with the Yoast SEO plugin v22.4 - https:\/\/yoast.com\/wordpress\/plugins\/seo\/ -->\r\n<title>Servizi - Centro Degrad\u00e8 Joelle Marando Parrucchieri<\/title>\r\n<meta name=\"description\" content=\"men\u00f9 dei SERVIZI e trattamenti CON RISULTATI ECCELLENTI PER I TUOI CAPELLI degrad\u00e8 starlight\" \/>\r\n<meta name=\"robots\" content=\"index, follow, max-snippet:-1, max-image-preview:large, max-video-preview:-1\" \/>\r\n<link rel=\"canonical\" href=\"https:\/\/www.marandoparrucchieri.it\/dev\/menu-dei-servizi\/\" \/>\r\n<meta property=\"og:locale\" content=\"it_IT\" \/>\r\n<meta property=\"og:type\" content=\"article\" \/>\r\n<meta property=\"og:title\" content=\"Servizi - Centro Degrad\u00e8 Joelle Marando Parrucchieri\" \/>\r\n<meta property=\"og:description\" content=\"men\u00f9 dei SERVIZI e trattamenti CON RISULTATI ECCELLENTI PER I TUOI CAPELLI degrad\u00e8 starlight\" \/>\r\n<meta property=\"og:url\" content=\"https:\/\/www.marandoparrucchieri.it\/dev\/menu-dei-servizi\/\" \/>\r\n<meta property=\"og:site_name\" content=\"Centro Degrad\u00e8 Joelle Marando Parrucchieri\" \/>\r\n<meta property=\"article:publisher\" content=\"https:\/\/m.facebook.com\/marandoparrucchieri\/?ref=bookmarks\" \/>\r\n<meta property=\"article:modified_time\" content=\"2026-02-25T17:24:03+00:00\" \/>\r\n<meta property=\"og:image\" content=\"https:\/\/www.marandoparrucchieri.it\/dev\/wp-content\/uploads\/2016\/07\/shampoo-relax-parrucchiere.jpg\" \/>\r\n\t<meta property=\"og:image:width\" content=\"800\" \/>\r\n\t<meta property=\"og:image:height\" content=\"600\" \/>\r\n\t<meta property=\"og:image:type\" content=\"image\/jpeg\" \/>\r\n<meta name=\"twitter:card\" content=\"summary_large_image\" \/>\r\n<meta name=\"twitter:site\" content=\"@infomarando\" \/>\r\n<meta name=\"twitter:label1\" content=\"Tempo di lettura stimato\" \/>\n\t<meta name=\"twitter:data1\" content=\"1 minuto\" \/>\r\n<script type=\"application\/ld+json\" class=\"yoast-schema-graph\">{\"@context\":\"https:\/\/schema.org\",\"@graph\":[{\"@type\":\"WebPage\",\"@id\":\"https:\/\/www.marandoparrucchieri.it\/dev\/menu-dei-servizi\/\",\"url\":\"https:\/\/www.marandoparrucchieri.it\/dev\/menu-dei-servizi\/\",\"name\":\"Servizi - Centro Degrad\u00e8 Joelle Marando Parrucchieri\",\"isPartOf\":{\"@id\":\"https:\/\/www.marandoparrucchieri.it\/dev\/#website\"},\"primaryImageOfPage\":{\"@id\":\"https:\/\/www.marandoparrucchieri.it\/dev\/menu-dei-servizi\/#primaryimage\"},\"image\":{\"@id\":\"https:\/\/www.marandoparrucchieri.it\/dev\/menu-dei-servizi\/#primaryimage\"},\"thumbnailUrl\":\"https:\/\/www.marandoparrucchieri.it\/dev\/wp-content\/uploads\/2016\/07\/shampoo-relax-parrucchiere.jpg\",\"datePublished\":\"2016-06-19T21:42:46+00:00\",\"dateModified\":\"2026-02-25T17:24:03+00:00\",\"description\":\"men\u00f9 dei SERVIZI e trattamenti CON RISULTATI ECCELLENTI PER I TUOI CAPELLI degrad\u00e8 starlight\",\"breadcrumb\":{\"@id\":\"https:\/\/www.marandoparrucchieri.it\/dev\/menu-dei-servizi\/#breadcrumb\"},\"inLanguage\":\"it-IT\",\"potentialAction\":[{\"@type\":\"ReadAction\",\"target\":[\"https:\/\/www.marandoparrucchieri.it\/dev\/menu-dei-servizi\/\"]}]},{\"@type\":\"ImageObject\",\"inLanguage\":\"it-IT\",\"@id\":\"https:\/\/www.marandoparrucchieri.it\/dev\/menu-dei-servizi\/#primaryimage\",\"url\":\"https:\/\/www.marandoparrucchieri.it\/dev\/wp-content\/uploads\/2016\/07\/shampoo-relax-parrucchiere.jpg\",\"contentUrl\":\"https:\/\/www.marandoparrucchieri.it\/dev\/wp-content\/uploads\/2016\/07\/shampoo-relax-parrucchiere.jpg\",\"width\":800,\"height\":600},{\"@type\":\"BreadcrumbList\",\"@id\":\"https:\/\/www.marandoparrucchieri.it\/dev\/menu-dei-servizi\/#breadcrumb\",\"itemListElement\":[{\"@type\":\"ListItem\",\"position\":1,\"name\":\"Home &gt; parrucchiere &gt; degrad\u00e8 joelle &gt; parrucchiere &gt; capelli &gt; hair &gt; marando parrucchieri\",\"item\":\"https:\/\/www.marandoparrucchieri.it\/dev\/\"},{\"@type\":\"ListItem\",\"position\":2,\"name\":\"Servizi\"}]},{\"@type\":\"WebSite\",\"@id\":\"https:\/\/www.marandoparrucchieri.it\/dev\/#website\",\"url\":\"https:\/\/www.marandoparrucchieri.it\/dev\/\",\"name\":\"marandoparrucchieri.it\/dev\/\",\"description\":\"Specialisti del colore, in particolare della tecnica del Degrad\u00e8\",\"publisher\":{\"@id\":\"https:\/\/www.marandoparrucchieri.it\/dev\/#organization\"},\"potentialAction\":[{\"@type\":\"SearchAction\",\"target\":{\"@type\":\"EntryPoint\",\"urlTemplate\":\"https:\/\/www.marandoparrucchieri.it\/dev\/?s={search_term_string}\"},\"query-input\":\"required name=search_term_string\"}],\"inLanguage\":\"it-IT\"},{\"@type\":\"Organization\",\"@id\":\"https:\/\/www.marandoparrucchieri.it\/dev\/#organization\",\"name\":\"MARANDO PARRUCCHIERI\",\"url\":\"https:\/\/www.marandoparrucchieri.it\/dev\/\",\"logo\":{\"@type\":\"ImageObject\",\"inLanguage\":\"it-IT\",\"@id\":\"https:\/\/www.marandoparrucchieri.it\/dev\/#\/schema\/logo\/image\/\",\"url\":\"https:\/\/www.marandoparrucchieri.it\/dev\/wp-content\/uploads\/2019\/11\/logo-marando.png\",\"contentUrl\":\"https:\/\/www.marandoparrucchieri.it\/dev\/wp-content\/uploads\/2019\/11\/logo-marando.png\",\"width\":591,\"height\":236,\"caption\":\"MARANDO PARRUCCHIERI\"},\"image\":{\"@id\":\"https:\/\/www.marandoparrucchieri.it\/dev\/#\/schema\/logo\/image\/\"},\"sameAs\":[\"https:\/\/m.facebook.com\/marandoparrucchieri\/?ref=bookmarks\",\"https:\/\/twitter.com\/infomarando\",\"https:\/\/www.instagram.com\/marando_parrucchieri\/?hl=it\",\"https:\/\/www.pinterest.it\/fracioplucip\/\"]}]}<\/script>\r\n<!-- \/ Yoast SEO plugin. -->","yoast_head_json":{"title":"Servizi - Centro Degrad\u00e8 Joelle Marando Parrucchieri","description":"men\u00f9 dei SERVIZI e trattamenti CON RISULTATI ECCELLENTI PER I TUOI CAPELLI degrad\u00e8 starlight","robots":{"index":"index","follow":"follow","max-snippet":"max-snippet:-1","max-image-preview":"max-image-preview:large","max-video-preview":"max-video-preview:-1"},"canonical":"https:\/\/www.marandoparrucchieri.it\/dev\/menu-dei-servizi\/","og_locale":"it_IT","og_type":"article","og_title":"Servizi - Centro Degrad\u00e8 Joelle Marando Parrucchieri","og_description":"men\u00f9 dei SERVIZI e trattamenti CON RISULTATI ECCELLENTI PER I TUOI CAPELLI degrad\u00e8 starlight","og_url":"https:\/\/www.marandoparrucchieri.it\/dev\/menu-dei-servizi\/","og_site_name":"Centro Degrad\u00e8 Joelle Marando Parrucchieri","article_publisher":"https:\/\/m.facebook.com\/marandoparrucchieri\/?ref=bookmarks","article_modified_time":"2026-02-25T17:24:03+00:00","og_image":[{"width":800,"height":600,"url":"https:\/\/www.marandoparrucchieri.it\/dev\/wp-content\/uploads\/2016\/07\/shampoo-relax-parrucchiere.jpg","type":"image\/jpeg"}],"twitter_card":"summary_large_image","twitter_site":"@infomarando","twitter_misc":{"Tempo di lettura stimato":"1 minuto"},"schema":{"@context":"https:\/\/schema.org","@graph":[{"@type":"WebPage","@id":"https:\/\/www.marandoparrucchieri.it\/dev\/menu-dei-servizi\/","url":"https:\/\/www.marandoparrucchieri.it\/dev\/menu-dei-servizi\/","name":"Servizi - Centro Degrad\u00e8 Joelle Marando Parrucchieri","isPartOf":{"@id":"https:\/\/www.marandoparrucchieri.it\/dev\/#website"},"primaryImageOfPage":{"@id":"https:\/\/www.marandoparrucchieri.it\/dev\/menu-dei-servizi\/#primaryimage"},"image":{"@id":"https:\/\/www.marandoparrucchieri.it\/dev\/menu-dei-servizi\/#primaryimage"},"thumbnailUrl":"https:\/\/www.marandoparrucchieri.it\/dev\/wp-content\/uploads\/2016\/07\/shampoo-relax-parrucchiere.jpg","datePublished":"2016-06-19T21:42:46+00:00","dateModified":"2026-02-25T17:24:03+00:00","description":"men\u00f9 dei SERVIZI e trattamenti CON RISULTATI ECCELLENTI PER I TUOI CAPELLI degrad\u00e8 starlight","breadcrumb":{"@id":"https:\/\/www.marandoparrucchieri.it\/dev\/menu-dei-servizi\/#breadcrumb"},"inLanguage":"it-IT","potentialAction":[{"@type":"ReadAction","target":["https:\/\/www.marandoparrucchieri.it\/dev\/menu-dei-servizi\/"]}]},{"@type":"ImageObject","inLanguage":"it-IT","@id":"https:\/\/www.marandoparrucchieri.it\/dev\/menu-dei-servizi\/#primaryimage","url":"https:\/\/www.marandoparrucchieri.it\/dev\/wp-content\/uploads\/2016\/07\/shampoo-relax-parrucchiere.jpg","contentUrl":"https:\/\/www.marandoparrucchieri.it\/dev\/wp-content\/uploads\/2016\/07\/shampoo-relax-parrucchiere.jpg","width":800,"height":600},{"@type":"BreadcrumbList","@id":"https:\/\/www.marandoparrucchieri.it\/dev\/menu-dei-servizi\/#breadcrumb","itemListElement":[{"@type":"ListItem","position":1,"name":"Home &gt; parrucchiere &gt; degrad\u00e8 joelle &gt; parrucchiere &gt; capelli &gt; hair &gt; marando parrucchieri","item":"https:\/\/www.marandoparrucchieri.it\/dev\/"},{"@type":"ListItem","position":2,"name":"Servizi"}]},{"@type":"WebSite","@id":"https:\/\/www.marandoparrucchieri.it\/dev\/#website","url":"https:\/\/www.marandoparrucchieri.it\/dev\/","name":"marandoparrucchieri.it\/dev\/","description":"Specialisti del colore, in particolare della tecnica del Degrad\u00e8","publisher":{"@id":"https:\/\/www.marandoparrucchieri.it\/dev\/#organization"},"potentialAction":[{"@type":"SearchAction","target":{"@type":"EntryPoint","urlTemplate":"https:\/\/www.marandoparrucchieri.it\/dev\/?s={search_term_string}"},"query-input":"required name=search_term_string"}],"inLanguage":"it-IT"},{"@type":"Organization","@id":"https:\/\/www.marandoparrucchieri.it\/dev\/#organization","name":"MARANDO PARRUCCHIERI","url":"https:\/\/www.marandoparrucchieri.it\/dev\/","logo":{"@type":"ImageObject","inLanguage":"it-IT","@id":"https:\/\/www.marandoparrucchieri.it\/dev\/#\/schema\/logo\/image\/","url":"https:\/\/www.marandoparrucchieri.it\/dev\/wp-content\/uploads\/2019\/11\/logo-marando.png","contentUrl":"https:\/\/www.marandoparrucchieri.it\/dev\/wp-content\/uploads\/2019\/11\/logo-marando.png","width":591,"height":236,"caption":"MARANDO PARRUCCHIERI"},"image":{"@id":"https:\/\/www.marandoparrucchieri.it\/dev\/#\/schema\/logo\/image\/"},"sameAs":["https:\/\/m.facebook.com\/marandoparrucchieri\/?ref=bookmarks","https:\/\/twitter.com\/infomarando","https:\/\/www.instagram.com\/marando_parrucchieri\/?hl=it","https:\/\/www.pinterest.it\/fracioplucip\/"]}]}},"_links":{"self":[{"href":"https:\/\/www.marandoparrucchieri.it\/dev\/wp-json\/wp\/v2\/pages\/200"}],"collection":[{"href":"https:\/\/www.marandoparrucchieri.it\/dev\/wp-json\/wp\/v2\/pages"}],"about":[{"href":"https:\/\/www.marandoparrucchieri.it\/dev\/wp-json\/wp\/v2\/types\/page"}],"author":[{"embeddable":true,"href":"https:\/\/www.marandoparrucchieri.it\/dev\/wp-json\/wp\/v2\/users\/2"}],"replies":[{"embeddable":true,"href":"https:\/\/www.marandoparrucchieri.it\/dev\/wp-json\/wp\/v2\/comments?post=200"}],"version-history":[{"count":38,"href":"https:\/\/www.marandoparrucchieri.it\/dev\/wp-json\/wp\/v2\/pages\/200\/revisions"}],"predecessor-version":[{"id":3089,"href":"https:\/\/www.marandoparrucchieri.it\/dev\/wp-json\/wp\/v2\/pages\/200\/revisions\/3089"}],"wp:featuredmedia":[{"embeddable":true,"href":"https:\/\/www.marandoparrucchieri.it\/dev\/wp-json\/wp\/v2\/media\/566"}],"wp:attachment":[{"href":"https:\/\/www.marandoparrucchieri.it\/dev\/wp-json\/wp\/v2\/media?parent=200"}],"curies":[{"name":"wp","href":"https:\/\/api.w.org\/{rel}","templated":true}]}}